{"id":458,"date":"2020-11-14T17:42:17","date_gmt":"2020-11-14T16:42:17","guid":{"rendered":"https:\/\/clupy.net\/?page_id=458"},"modified":"2021-03-12T11:46:25","modified_gmt":"2021-03-12T10:46:25","slug":"versand-2","status":"publish","type":"page","link":"https:\/\/clupy.net\/el\/versand-2\/","title":{"rendered":"\u0391\u03c0\u03bf\u03c3\u03c4\u03bf\u03bb\u03ae"},"content":{"rendered":"<p>[vc_row][vc_column css_animation=&#8221;fadeInUp&#8221;][vc_column_text css_animation=&#8221;fadeInUp&#8221;]\u00a0\u0394\u03c9\u03c1\u03b5\u03ac\u03bd \u03b1\u03c0\u03bf\u03c3\u03c4\u03bf\u03bb\u03ae:<\/p>\n<p>\u03b1\u03c0\u03cc \u03c4\u03b9\u03bc\u03ae \u03c0\u03b1\u03c1\u03b1\u03b3\u03b3\u03b5\u03bb\u03af\u03b1\u03c2 145,00 EUR \u03b3\u03b9\u03b1 \u03c4\u03b7\u03bd \u0391\u03c5\u03c3\u03c4\u03c1\u03af\u03b1<br \/>\n\u03b1\u03c0\u03cc \u03c4\u03b9\u03bc\u03ae \u03c0\u03b1\u03c1\u03b1\u03b3\u03b3\u03b5\u03bb\u03af\u03b1\u03c2 174,00 EUR \u03b3\u03b9\u03b1 \u03ac\u03bb\u03bb\u03b5\u03c2 \u03c7\u03ce\u03c1\u03b5\u03c2<\/p>\n<p>\u039a\u03b1\u03c4 &#8216;\u03b1\u03c0\u03bf\u03ba\u03bf\u03c0\u03ae \u03c7\u03c1\u03ad\u03c9\u03c3\u03b7 \u03b3\u03b9\u03b1 PayPal: 1,9% \u03c4\u03b7\u03c2 \u03b1\u03be\u03af\u03b1\u03c2 \u03c4\u03c9\u03bd \u03b1\u03b3\u03b1\u03b8\u03ce\u03bd \u03c3\u03c5\u03bd 0,35 \u03b5\u03c5\u03c1\u03ce \u03b1\u03bd\u03ac \u03c0\u03b1\u03c1\u03b1\u03b3\u03b3\u03b5\u03bb\u03af\u03b1!<br \/>\n\u0395\u03c0\u03b9\u03c0\u03bb\u03ad\u03bf\u03bd \u03ad\u03be\u03bf\u03b4\u03b1 (\u03b1\u03c0\u03bf\u03c3\u03c4\u03bf\u03bb\u03ae, \u03cc\u03c1\u03b9\u03b1 \u03c7\u03c9\u03c1\u03af\u03c2 \u03c7\u03c1\u03ad\u03c9\u03c3\u03b7, \u03ba.\u03bb\u03c0.) \u03b8\u03b1 \u03b5\u03bc\u03c6\u03b1\u03bd\u03b9\u03c3\u03c4\u03bf\u03cd\u03bd \u03c3\u03b5 \u03b5\u03c3\u03ac\u03c2 \u03ba\u03b1\u03c4\u03ac \u03c4\u03b7 \u03b4\u03b9\u03b1\u03b4\u03b9\u03ba\u03b1\u03c3\u03af\u03b1 \u03c0\u03b1\u03c1\u03b1\u03b3\u03b3\u03b5\u03bb\u03af\u03b1\u03c2! \u0395\u03bc\u03c6\u03b1\u03bd\u03af\u03b6\u03bf\u03bd\u03c4\u03b1\u03b9 \u03cc\u03bb\u03b5\u03c2 \u03bf\u03b9 \u03c4\u03b9\u03bc\u03ad\u03c2 \u03c3\u03c5\u03bc\u03c0\u03b5\u03c1\u03b9\u03bb\u03b1\u03bc\u03b2\u03b1\u03bd\u03bf\u03bc\u03ad\u03bd\u03bf\u03c5 \u03a6\u03a0\u0391.<\/p>\n<p>[\/vc_column_text]<div class=\"konte-info-list \"><ul><li class=\"\">\r\n\t\t\t\t\t<span class=\"info-name\">\u03a7\u03ce\u03c1\u03b1<\/span>\r\n\t\t\t\t\t<span class=\"info-value\">\u0391\u03c5\u03c3\u03c4\u03c1\u03af\u03b1<\/span>\r\n\t\t\t\t<\/li><li class=\"\">\r\n\t\t\t\t\t<span class=\"info-name\">\u039c\u03ad\u03b8\u03bf\u03b4\u03bf\u03b9 \u03b1\u03c0\u03bf\u03c3\u03c4\u03bf\u03bb\u03ae\u03c2<\/span>\r\n\t\t\t\t\t<span class=\"info-value\"> \u03a5\u03c0\u03b7\u03c1\u03b5\u03c3\u03af\u03b1 \u03b4\u03b5\u03bc\u03ac\u03c4\u03c9\u03bd Post AG<\/span>\r\n\t\t\t\t<\/li><li class=\"\">\r\n\t\t\t\t\t<span class=\"info-name\">\u03a4\u03b9\u03bc\u03ae \u03b1\u03c0\u03cc 0,00 kg<\/span>\r\n\t\t\t\t\t<span class=\"info-value\">4.80 EUR<\/span>\r\n\t\t\t\t<\/li><li class=\"\">\r\n\t\t\t\t\t<span class=\"info-name\">\u03a4\u03b9\u03bc\u03ae \u03b1\u03c0\u03cc 2,00 kg<\/span>\r\n\t\t\t\t\t<span class=\"info-value\">6.60 EUR<\/span>\r\n\t\t\t\t<\/li><\/ul><\/div><div class=\"konte-empty-space \" style=\"height: 32px\"><\/div><div class=\"konte-info-list \"><ul><li class=\"\">\r\n\t\t\t\t\t<span class=\"info-name\">\u03a7\u03ce\u03c1\u03b1<\/span>\r\n\t\t\t\t\t<span class=\"info-value\"> \u0392\u03ad\u03bb\u03b3\u03b9\u03bf, \u0392\u03bf\u03c5\u03bb\u03b3\u03b1\u03c1\u03af\u03b1, \u0394\u03b1\u03bd\u03af\u03b1, \u0393\u03b5\u03c1\u03bc\u03b1\u03bd\u03af\u03b1, \u0395\u03c3\u03b8\u03bf\u03bd\u03af\u03b1, \u03a6\u03b9\u03bd\u03bb\u03b1\u03bd\u03b4\u03af\u03b1, \u0393\u03b1\u03bb\u03bb\u03af\u03b1, \u0395\u03bb\u03bb\u03ac\u03b4\u03b1, \u039c\u03b5\u03b3\u03ac\u03bb\u03b7 \u0392\u03c1\u03b5\u03c4\u03b1\u03bd\u03af\u03b1, \u0399\u03c1\u03bb\u03b1\u03bd\u03b4\u03af\u03b1, \u0399\u03c4\u03b1\u03bb\u03af\u03b1, \u039a\u03c1\u03bf\u03b1\u03c4\u03af\u03b1, \u039b\u03b5\u03c4\u03bf\u03bd\u03af\u03b1, \u039b\u03b9\u03b8\u03bf\u03c5\u03b1\u03bd\u03af\u03b1, \u039b\u03bf\u03c5\u03be\u03b5\u03bc\u03b2\u03bf\u03cd\u03c1\u03b3\u03bf, \u039c\u03ac\u03bb\u03c4\u03b1, \u039a\u03ac\u03c4\u03c9 \u03a7\u03ce\u03c1\u03b5\u03c2, \u03a0\u03bf\u03bb\u03c9\u03bd\u03af\u03b1, \u03a0\u03bf\u03c1\u03c4\u03bf\u03b3\u03b1\u03bb\u03af\u03b1, \u03a1\u03bf\u03c5\u03bc\u03b1\u03bd\u03af\u03b1, \u03a3\u03bf\u03c5\u03b7\u03b4\u03af\u03b1, \u03a3\u03bb\u03bf\u03b2\u03b1\u03ba\u03af\u03b1, \u03a3\u03bb\u03bf\u03b2\u03b5\u03bd\u03af\u03b1, \u0399\u03c3\u03c0\u03b1\u03bd\u03af\u03b1 , \u0394\u03b7\u03bc\u03bf\u03ba\u03c1\u03b1\u03c4\u03af\u03b1 \u03c4\u03b7\u03c2 \u03a4\u03c3\u03b5\u03c7\u03af\u03b1\u03c2, \u039f\u03c5\u03b3\u03b3\u03b1\u03c1\u03af\u03b1, \u039a\u03cd\u03c0\u03c1\u03bf\u03c2 V\u00e9lgio, Voulgar\u00eda, Dan\u00eda, German\u00eda, Esthon\u00eda, Finland\u00eda, Gall\u00eda, Ell\u00e1da, Meg\u00e1li Vretan\u00eda, Irland\u00eda, Ital\u00eda, Kroat\u00eda, Leton\u00eda, Lithouan\u00eda, Louxemvo\u00fargo, M\u00e1lta, K\u00e1to Ch\u00f3res, Polon\u00eda, Portogal\u00eda, Rouman\u00eda, Souid\u00eda, Elvet\u00eda, Slovak\u00eda, Sloven\u00eda, Ispan\u00eda , Dimokrat\u00eda tis Tsech\u00edas, Oungar\u00eda, K\u00fdpros<\/span>\r\n\t\t\t\t<\/li><li class=\"\">\r\n\t\t\t\t\t<span class=\"info-name\">\u039c\u03ad\u03b8\u03bf\u03b4\u03bf\u03b9 \u03b1\u03c0\u03bf\u03c3\u03c4\u03bf\u03bb\u03ae\u03c2<\/span>\r\n\t\t\t\t\t<span class=\"info-value\">\u03a5\u03c0\u03b7\u03c1\u03b5\u03c3\u03af\u03b1 \u03b4\u03b5\u03bc\u03ac\u03c4\u03c9\u03bd Post AG<\/span>\r\n\t\t\t\t<\/li><li class=\"\">\r\n\t\t\t\t\t<span class=\"info-name\">\u03a4\u03b9\u03bc\u03ae \u03b1\u03c0\u03cc 0,00 kg<\/span>\r\n\t\t\t\t\t<span class=\"info-value\">10.90 EUR<\/span>\r\n\t\t\t\t<\/li><li class=\"\">\r\n\t\t\t\t\t<span class=\"info-name\">\u03a4\u03b9\u03bc\u03ae \u03b1\u03c0\u03cc 2,00 kg<\/span>\r\n\t\t\t\t\t<span class=\"info-value\">16.20 EUR<\/span>\r\n\t\t\t\t<\/li><\/ul><\/div><div class=\"konte-empty-space \" style=\"height: 32px\"><\/div><div class=\"konte-info-list \"><ul><li class=\"\">\r\n\t\t\t\t\t<span class=\"info-name\">\u03a7\u03ce\u03c1\u03b1<\/span>\r\n\t\t\t\t\t<span class=\"info-value\">\u0395\u03bb\u03b2\u03b5\u03c4\u03af\u03b1<\/span>\r\n\t\t\t\t<\/li><li class=\"\">\r\n\t\t\t\t\t<span class=\"info-name\">\u039c\u03ad\u03b8\u03bf\u03b4\u03bf\u03b9 \u03b1\u03c0\u03bf\u03c3\u03c4\u03bf\u03bb\u03ae\u03c2<\/span>\r\n\t\t\t\t\t<span class=\"info-value\">\u03a5\u03c0\u03b7\u03c1\u03b5\u03c3\u03af\u03b1 \u03b4\u03b5\u03bc\u03ac\u03c4\u03c9\u03bd Post AG<\/span>\r\n\t\t\t\t<\/li><li class=\"\">\r\n\t\t\t\t\t<span class=\"info-name\">\u03a4\u03b9\u03bc\u03ae \u03b1\u03c0\u03cc 0,00 kg<\/span>\r\n\t\t\t\t\t<span class=\"info-value\">10.90 EUR<\/span>\r\n\t\t\t\t<\/li><li class=\"\">\r\n\t\t\t\t\t<span class=\"info-name\">\u03a4\u03b9\u03bc\u03ae \u03b1\u03c0\u03cc 2,00 kg<\/span>\r\n\t\t\t\t\t<span class=\"info-value\">21.50 EUR<\/span>\r\n\t\t\t\t<\/li><\/ul><\/div><div class=\"konte-empty-space \" style=\"height: 32px\"><\/div><div class=\"konte-info-list \"><ul><li class=\"\">\r\n\t\t\t\t\t<span class=\"info-name\">\u03a7\u03ce\u03c1\u03b1<\/span>\r\n\t\t\t\t\t<span class=\"info-value\">\u039b\u03b9\u03c7\u03c4\u03b5\u03bd\u03c3\u03c4\u03ac\u03b9\u03bd<\/span>\r\n\t\t\t\t<\/li><li class=\"\">\r\n\t\t\t\t\t<span class=\"info-name\">\u039c\u03ad\u03b8\u03bf\u03b4\u03bf\u03b9 \u03b1\u03c0\u03bf\u03c3\u03c4\u03bf\u03bb\u03ae\u03c2<\/span>\r\n\t\t\t\t\t<span class=\"info-value\">\u03a5\u03c0\u03b7\u03c1\u03b5\u03c3\u03af\u03b1 \u03b4\u03b5\u03bc\u03ac\u03c4\u03c9\u03bd Post AG<\/span>\r\n\t\t\t\t<\/li><li class=\"\">\r\n\t\t\t\t\t<span class=\"info-name\">\u03a4\u03b9\u03bc\u03ae \u03b1\u03c0\u03cc 0,00 kg<\/span>\r\n\t\t\t\t\t<span class=\"info-value\">10.90 EUR<\/span>\r\n\t\t\t\t<\/li><li class=\"\">\r\n\t\t\t\t\t<span class=\"info-name\">\u03a4\u03b9\u03bc\u03ae \u03b1\u03c0\u03cc 2,00 kg<\/span>\r\n\t\t\t\t\t<span class=\"info-value\">21.50 EUR<\/span>\r\n\t\t\t\t<\/li><\/ul><\/div>[\/vc_column][\/vc_row]<\/p>\n","protected":false},"excerpt":{"rendered":"<p>[vc_row][vc_column css_animation=&#8221;fadeInUp&#8221;][vc_column_text css_animation=&#8221;fadeInUp&#8221;]\u00a0\u0394\u03c9\u03c1\u03b5\u03ac\u03bd \u03b1\u03c0\u03bf\u03c3\u03c4\u03bf\u03bb\u03ae: \u03b1\u03c0\u03cc \u03c4\u03b9\u03bc\u03ae \u03c0\u03b1\u03c1\u03b1\u03b3\u03b3\u03b5\u03bb\u03af\u03b1\u03c2 145,00 EUR \u03b3\u03b9\u03b1 \u03c4\u03b7\u03bd \u0391\u03c5\u03c3\u03c4\u03c1\u03af\u03b1 \u03b1\u03c0\u03cc \u03c4\u03b9\u03bc\u03ae \u03c0\u03b1\u03c1\u03b1\u03b3\u03b3\u03b5\u03bb\u03af\u03b1\u03c2 174,00 EUR \u03b3\u03b9\u03b1 \u03ac\u03bb\u03bb\u03b5\u03c2 \u03c7\u03ce\u03c1\u03b5\u03c2 \u039a\u03b1\u03c4 &#8216;\u03b1\u03c0\u03bf\u03ba\u03bf\u03c0\u03ae \u03c7\u03c1\u03ad\u03c9\u03c3\u03b7 \u03b3\u03b9\u03b1 PayPal: 1,9% \u03c4\u03b7\u03c2 \u03b1\u03be\u03af\u03b1\u03c2 \u03c4\u03c9\u03bd \u03b1\u03b3\u03b1\u03b8\u03ce\u03bd&hellip;<\/p>\n","protected":false},"author":1,"featured_media":0,"parent":0,"menu_order":81,"comment_status":"closed","ping_status":"closed","template":"","meta":{"spay_email":""},"yoast_head":"<!-- This site is optimized with the Yoast SEO plugin v15.3 - https:\/\/yoast.com\/wordpress\/plugins\/seo\/ -->\n<title>\u0391\u03c0\u03bf\u03c3\u03c4\u03bf\u03bb\u03ae - Clupy<\/title>\n<meta name=\"robots\" content=\"index, follow, max-snippet:-1, max-image-preview:large, max-video-preview:-1\" \/>\n<link rel=\"canonical\" href=\"https:\/\/clupy.net\/el\/versand-2\/\" \/>\n<meta property=\"og:locale\" content=\"el_GR\" \/>\n<meta property=\"og:type\" content=\"article\" \/>\n<meta property=\"og:title\" content=\"\u0391\u03c0\u03bf\u03c3\u03c4\u03bf\u03bb\u03ae - Clupy\" \/>\n<meta property=\"og:description\" content=\"[vc_row][vc_column css_animation=&#8221;fadeInUp&#8221;][vc_column_text css_animation=&#8221;fadeInUp&#8221;]\u00a0\u0394\u03c9\u03c1\u03b5\u03ac\u03bd \u03b1\u03c0\u03bf\u03c3\u03c4\u03bf\u03bb\u03ae: \u03b1\u03c0\u03cc \u03c4\u03b9\u03bc\u03ae \u03c0\u03b1\u03c1\u03b1\u03b3\u03b3\u03b5\u03bb\u03af\u03b1\u03c2 145,00 EUR \u03b3\u03b9\u03b1 \u03c4\u03b7\u03bd \u0391\u03c5\u03c3\u03c4\u03c1\u03af\u03b1 \u03b1\u03c0\u03cc \u03c4\u03b9\u03bc\u03ae \u03c0\u03b1\u03c1\u03b1\u03b3\u03b3\u03b5\u03bb\u03af\u03b1\u03c2 174,00 EUR \u03b3\u03b9\u03b1 \u03ac\u03bb\u03bb\u03b5\u03c2 \u03c7\u03ce\u03c1\u03b5\u03c2 \u039a\u03b1\u03c4 &#8216;\u03b1\u03c0\u03bf\u03ba\u03bf\u03c0\u03ae \u03c7\u03c1\u03ad\u03c9\u03c3\u03b7 \u03b3\u03b9\u03b1 PayPal: 1,9% \u03c4\u03b7\u03c2 \u03b1\u03be\u03af\u03b1\u03c2 \u03c4\u03c9\u03bd \u03b1\u03b3\u03b1\u03b8\u03ce\u03bd&hellip;\" \/>\n<meta property=\"og:url\" content=\"https:\/\/clupy.net\/el\/versand-2\/\" \/>\n<meta property=\"og:site_name\" content=\"Clupy\" \/>\n<meta property=\"article:modified_time\" content=\"2021-03-12T10:46:25+00:00\" \/>\n<meta name=\"twitter:card\" content=\"summary_large_image\" \/>\n<meta name=\"twitter:label1\" content=\"Written by\">\n\t<meta name=\"twitter:data1\" content=\"Conversory\">\n\t<meta name=\"twitter:label2\" content=\"Est. reading time\">\n\t<meta name=\"twitter:data2\" content=\"5 \u03bb\u03b5\u03c0\u03c4\u03ac\">\n<script type=\"application\/ld+json\" class=\"yoast-schema-graph\">{\"@context\":\"https:\/\/schema.org\",\"@graph\":[{\"@type\":\"Organization\",\"@id\":\"https:\/\/clupy.net\/#organization\",\"name\":\"Clupy Design GmbH\",\"url\":\"https:\/\/clupy.net\/\",\"sameAs\":[],\"logo\":{\"@type\":\"ImageObject\",\"@id\":\"https:\/\/clupy.net\/#logo\",\"inLanguage\":\"el\",\"url\":\"https:\/\/clupy.net\/wp-content\/uploads\/2020\/10\/asset-0-1.png\",\"width\":398,\"height\":131,\"caption\":\"Clupy Design GmbH\"},\"image\":{\"@id\":\"https:\/\/clupy.net\/#logo\"}},{\"@type\":\"WebSite\",\"@id\":\"https:\/\/clupy.net\/#website\",\"url\":\"https:\/\/clupy.net\/\",\"name\":\"Clupy\",\"description\":\"Nachtlicht ohne Strom\",\"publisher\":{\"@id\":\"https:\/\/clupy.net\/#organization\"},\"potentialAction\":[{\"@type\":\"SearchAction\",\"target\":\"https:\/\/clupy.net\/?s={search_term_string}\",\"query-input\":\"required name=search_term_string\"}],\"inLanguage\":\"el\"},{\"@type\":\"WebPage\",\"@id\":\"https:\/\/clupy.net\/el\/versand-2\/#webpage\",\"url\":\"https:\/\/clupy.net\/el\/versand-2\/\",\"name\":\"\\u0391\\u03c0\\u03bf\\u03c3\\u03c4\\u03bf\\u03bb\\u03ae - Clupy\",\"isPartOf\":{\"@id\":\"https:\/\/clupy.net\/#website\"},\"datePublished\":\"2020-11-14T16:42:17+00:00\",\"dateModified\":\"2021-03-12T10:46:25+00:00\",\"inLanguage\":\"el\",\"potentialAction\":[{\"@type\":\"ReadAction\",\"target\":[\"https:\/\/clupy.net\/el\/versand-2\/\"]}]}]}<\/script>\n<!-- \/ Yoast SEO plugin. -->","_links":{"self":[{"href":"https:\/\/clupy.net\/el\/wp-json\/wp\/v2\/pages\/458"}],"collection":[{"href":"https:\/\/clupy.net\/el\/wp-json\/wp\/v2\/pages"}],"about":[{"href":"https:\/\/clupy.net\/el\/wp-json\/wp\/v2\/types\/page"}],"author":[{"embeddable":true,"href":"https:\/\/clupy.net\/el\/wp-json\/wp\/v2\/users\/1"}],"replies":[{"embeddable":true,"href":"https:\/\/clupy.net\/el\/wp-json\/wp\/v2\/comments?post=458"}],"version-history":[{"count":6,"href":"https:\/\/clupy.net\/el\/wp-json\/wp\/v2\/pages\/458\/revisions"}],"predecessor-version":[{"id":767,"href":"https:\/\/clupy.net\/el\/wp-json\/wp\/v2\/pages\/458\/revisions\/767"}],"wp:attachment":[{"href":"https:\/\/clupy.net\/el\/wp-json\/wp\/v2\/media?parent=458"}],"curies":[{"name":"wp","href":"https:\/\/api.w.org\/{rel}","templated":true}]}}